{"id":719,"date":"2017-04-25T11:09:31","date_gmt":"2017-04-25T08:09:31","guid":{"rendered":"http:\/\/akkotekstil.com\/tr\/develop-source"},"modified":"2017-12-24T22:00:16","modified_gmt":"2017-12-24T19:00:16","slug":"tasarim-gelisim","status":"publish","type":"page","link":"https:\/\/akkotekstil.com\/tr\/tasarim-gelisim","title":{"rendered":"TASARIM &#038; GEL\u0130\u015e\u0130M"},"content":{"rendered":"<p>[vc_row][vc_column][vc_column_text]Akko Tekstil deneyimli Ar-Ge ekibi her zaman yeni kuma\u015f ve \u00fcr\u00fcn \u00e7e\u015fitleri aramaktad\u0131r. Bu, Tasar\u0131m ve Geli\u015ftirme ekibine yard\u0131mc\u0131 olur ve daha iyi bir m\u00fc\u015fteri y\u00f6netimi sa\u011flamaktad\u0131r.<\/p>\n<p>Akko Tekstil&#8217;in tecr\u00fcbeli ekibi olas\u0131 tasar\u0131m hatalar\u0131n\u0131 veya imalat problemlerini \u00f6nlemekte ve \u00fcretim ba\u015flamadan \u00f6nce \u00fcretim alternatifleri \u00f6nermektedir.<\/p>\n<p>[\/vc_column_text][vc_single_image image=&#8221;772&#8243; img_size=&#8221;720&#8243; style=&#8221;vc_box_outline&#8221;][\/vc_column][\/vc_row]<\/p>\n","protected":false},"excerpt":{"rendered":"<p>[vc_row][vc_column][vc_column_text]Akko Tekstil deneyimli Ar-Ge ekibi her zaman yeni kuma\u015f ve \u00fcr\u00fcn \u00e7e\u015fitleri aramaktad\u0131r. Bu, Tasar\u0131m ve Geli\u015ftirme ekibine yard\u0131mc\u0131 olur ve daha iyi bir m\u00fc\u015fteri y\u00f6netimi<span class=\"excerpt-hellip\"> [\u2026]<\/span><\/p>\n","protected":false},"author":1,"featured_media":0,"parent":0,"menu_order":0,"comment_status":"closed","ping_status":"closed","template":"","meta":{"footnotes":""},"_links":{"self":[{"href":"https:\/\/akkotekstil.com\/tr\/wp-json\/wp\/v2\/pages\/719"}],"collection":[{"href":"https:\/\/akkotekstil.com\/tr\/wp-json\/wp\/v2\/pages"}],"about":[{"href":"https:\/\/akkotekstil.com\/tr\/wp-json\/wp\/v2\/types\/page"}],"author":[{"embeddable":true,"href":"https:\/\/akkotekstil.com\/tr\/wp-json\/wp\/v2\/users\/1"}],"replies":[{"embeddable":true,"href":"https:\/\/akkotekstil.com\/tr\/wp-json\/wp\/v2\/comments?post=719"}],"version-history":[{"count":6,"href":"https:\/\/akkotekstil.com\/tr\/wp-json\/wp\/v2\/pages\/719\/revisions"}],"predecessor-version":[{"id":884,"href":"https:\/\/akkotekstil.com\/tr\/wp-json\/wp\/v2\/pages\/719\/revisions\/884"}],"wp:attachment":[{"href":"https:\/\/akkotekstil.com\/tr\/wp-json\/wp\/v2\/media?parent=719"}],"curies":[{"name":"wp","href":"https:\/\/api.w.org\/{rel}","templated":true}]}}