{"id":745,"date":"2017-04-25T11:11:50","date_gmt":"2017-04-25T08:11:50","guid":{"rendered":"http:\/\/akkotekstil.com\/tr\/finish-operation"},"modified":"2017-12-16T17:19:51","modified_gmt":"2017-12-16T14:19:51","slug":"finish-operasyonu","status":"publish","type":"page","link":"https:\/\/akkotekstil.com\/tr\/finish-operasyonu","title":{"rendered":"F\u0130N\u0130SH OPERASYONU"},"content":{"rendered":"<p>[vc_row][vc_column][vc_column_text]4 adeti dar paskara 15 adet geni\u015f paskara olmak \u00fczere toplam 19 adet tam otomatik \u00fct\u00fc parkurumuz ile \u00fcr\u00fcnlerimizi\u00a0avrupa standartlar\u0131\u00a0kalitesinde \u00fct\u00fc yap\u0131yoruz.Tamam\u0131 profesyonel olan ekibimiz son teknoloji \u00fct\u00fcleri kullanmaktad\u0131r.<\/p>\n<p>Ayr\u0131ca \u00f6zel olarak haz\u0131rlanm\u0131\u015f \u0131\u015f\u0131kland\u0131rmal\u0131 kalite kontrol masalar\u0131nda kalite kontrol i\u015flemi yap\u0131lmaktad\u0131r.<\/p>\n<p>Daha sonra kalite kontrol i\u015flemi biten \u00fcr\u00fcnler metal i\u011fne dedekt\u00f6r\u00fcnden ge\u00e7irilerek ,metalden ar\u0131nd\u0131r\u0131lm\u0131\u015f b\u00f6l\u00fcmde muhafaza edilmektedir.<\/p>\n<p>\u0130nspect\u00f6r\u00a0s\u00fcreci tamamland\u0131ktan\u00a0sonra ,m\u00fc\u015fteri onay verdi\u011finde \u00fcr\u00fcnler sevk edilmektedir.[\/vc_column_text][vc_single_image image=&#8221;762&#8243; img_size=&#8221;720&#8243; style=&#8221;vc_box_outline&#8221;][\/vc_column][\/vc_row]<\/p>\n","protected":false},"excerpt":{"rendered":"<p>[vc_row][vc_column][vc_column_text]4 adeti dar paskara 15 adet geni\u015f paskara olmak \u00fczere toplam 19 adet tam otomatik \u00fct\u00fc parkurumuz ile \u00fcr\u00fcnlerimizi\u00a0avrupa standartlar\u0131\u00a0kalitesinde \u00fct\u00fc yap\u0131yoruz.Tamam\u0131 profesyonel olan ekibimiz son<span class=\"excerpt-hellip\"> [\u2026]<\/span><\/p>\n","protected":false},"author":1,"featured_media":0,"parent":0,"menu_order":0,"comment_status":"closed","ping_status":"closed","template":"","meta":{"footnotes":""},"_links":{"self":[{"href":"https:\/\/akkotekstil.com\/tr\/wp-json\/wp\/v2\/pages\/745"}],"collection":[{"href":"https:\/\/akkotekstil.com\/tr\/wp-json\/wp\/v2\/pages"}],"about":[{"href":"https:\/\/akkotekstil.com\/tr\/wp-json\/wp\/v2\/types\/page"}],"author":[{"embeddable":true,"href":"https:\/\/akkotekstil.com\/tr\/wp-json\/wp\/v2\/users\/1"}],"replies":[{"embeddable":true,"href":"https:\/\/akkotekstil.com\/tr\/wp-json\/wp\/v2\/comments?post=745"}],"version-history":[{"count":4,"href":"https:\/\/akkotekstil.com\/tr\/wp-json\/wp\/v2\/pages\/745\/revisions"}],"predecessor-version":[{"id":867,"href":"https:\/\/akkotekstil.com\/tr\/wp-json\/wp\/v2\/pages\/745\/revisions\/867"}],"wp:attachment":[{"href":"https:\/\/akkotekstil.com\/tr\/wp-json\/wp\/v2\/media?parent=745"}],"curies":[{"name":"wp","href":"https:\/\/api.w.org\/{rel}","templated":true}]}}