{"id":748,"date":"2017-04-25T11:11:23","date_gmt":"2017-04-25T08:11:23","guid":{"rendered":"http:\/\/akkotekstil.com\/tr\/sewing-operation"},"modified":"2017-12-16T17:09:49","modified_gmt":"2017-12-16T14:09:49","slug":"dikim-operasyonu","status":"publish","type":"page","link":"https:\/\/akkotekstil.com\/tr\/dikim-operasyonu","title":{"rendered":"D\u0130K\u0130M OPERASYONU"},"content":{"rendered":"<p>[vc_row][vc_column][vc_column_text]Dikimhane b\u00f6l\u00fcm\u00fcm\u00fczde 6\u00a0bant 117 adet makine parkurumuz mevcuttur.Hepsi son teknoloji olan makina parkurumuz da \u00f6rme ve dokuma \u00fcretimi yap\u0131lmaktad\u0131r.<\/p>\n<p>\u00d6ncelikli hedefimiz m\u00fc\u015fterilerimize kaliteli ve h\u0131zl\u0131 termin de \u00fcretim yapabilmektir.Bu sebebten dolay\u0131 her \u00fcretim parkurun da profesyonel bir ekibimiz mevcuttur.<\/p>\n<p>[\/vc_column_text][\/vc_column][\/vc_row][vc_row][vc_column][vc_single_image image=&#8221;764&#8243; img_size=&#8221;720&#8243; style=&#8221;vc_box_outline&#8221;][\/vc_column][\/vc_row]<\/p>\n","protected":false},"excerpt":{"rendered":"<p>[vc_row][vc_column][vc_column_text]Dikimhane b\u00f6l\u00fcm\u00fcm\u00fczde 6\u00a0bant 117 adet makine parkurumuz mevcuttur.Hepsi son teknoloji olan makina parkurumuz da \u00f6rme ve dokuma \u00fcretimi yap\u0131lmaktad\u0131r. \u00d6ncelikli hedefimiz m\u00fc\u015fterilerimize kaliteli ve h\u0131zl\u0131 termin<span class=\"excerpt-hellip\"> [\u2026]<\/span><\/p>\n","protected":false},"author":1,"featured_media":0,"parent":0,"menu_order":0,"comment_status":"closed","ping_status":"closed","template":"","meta":{"footnotes":""},"_links":{"self":[{"href":"https:\/\/akkotekstil.com\/tr\/wp-json\/wp\/v2\/pages\/748"}],"collection":[{"href":"https:\/\/akkotekstil.com\/tr\/wp-json\/wp\/v2\/pages"}],"about":[{"href":"https:\/\/akkotekstil.com\/tr\/wp-json\/wp\/v2\/types\/page"}],"author":[{"embeddable":true,"href":"https:\/\/akkotekstil.com\/tr\/wp-json\/wp\/v2\/users\/1"}],"replies":[{"embeddable":true,"href":"https:\/\/akkotekstil.com\/tr\/wp-json\/wp\/v2\/comments?post=748"}],"version-history":[{"count":3,"href":"https:\/\/akkotekstil.com\/tr\/wp-json\/wp\/v2\/pages\/748\/revisions"}],"predecessor-version":[{"id":866,"href":"https:\/\/akkotekstil.com\/tr\/wp-json\/wp\/v2\/pages\/748\/revisions\/866"}],"wp:attachment":[{"href":"https:\/\/akkotekstil.com\/tr\/wp-json\/wp\/v2\/media?parent=748"}],"curies":[{"name":"wp","href":"https:\/\/api.w.org\/{rel}","templated":true}]}}